{"id":65,"date":"2024-02-17T11:54:48","date_gmt":"2024-02-17T10:54:48","guid":{"rendered":"https:\/\/nachbarschaftshilfe-forstinning.de\/wordpress\/?page_id=65"},"modified":"2024-04-19T19:02:29","modified_gmt":"2024-04-19T17:02:29","slug":"home","status":"publish","type":"page","link":"https:\/\/nachbarschaftshilfe-forstinning.de\/","title":{"rendered":"\u00dcber uns"},"content":{"rendered":"<div class=\"gb-container gb-container-a5f7ce0f\">\n<div class=\"gb-grid-wrapper gb-grid-wrapper-b0355fb9\">\n<div class=\"gb-grid-column gb-grid-column-06b9dbe9\"><div class=\"gb-container gb-container-06b9dbe9\">\n\n<figure class=\"gb-block-image gb-block-image-d557c244\"><img loading=\"lazy\" decoding=\"async\" width=\"499\" height=\"698\" class=\"gb-image gb-image-d557c244\" src=\"https:\/\/nachbarschaftshilfe-forstinning.de\/wordpress\/wp-content\/uploads\/2024\/02\/Titel.jpg\" alt=\"\" title=\"Titel\" srcset=\"https:\/\/nachbarschaftshilfe-forstinning.de\/wp-content\/uploads\/2024\/02\/Titel.jpg 499w, https:\/\/nachbarschaftshilfe-forstinning.de\/wp-content\/uploads\/2024\/02\/Titel-214x300.jpg 214w\" sizes=\"auto, (max-width: 499px) 100vw, 499px\" \/><\/figure>\n\n<\/div><\/div>\n\n<div class=\"gb-grid-column gb-grid-column-2ff46b10\"><div class=\"gb-container gb-container-2ff46b10\">\n\n<p class=\"wp-block-paragraph\">Gegr\u00fcndet wurde die Nachbarschaftshilfe Forstinning im Jahr 2010. Unsere Arbeit steht allen Hilfesuchenden der Gemeinde Forstinning zur Verf\u00fcgung. Wir bem\u00fchen uns um Hilfe in Notf\u00e4llen im famili\u00e4ren und h\u00e4uslichen Bereich.<br><br><strong>Telefon:&nbsp;<\/strong>0176 &#8211; 95 29 82 96<br>oder 08121 &#8211; 46 602<br><strong>E-Mail<\/strong>:&nbsp;<a href=\"mailto:info@nachbarschaftshilfe-forstinning.de\">info@nachbarschaftshilfe-forstinning.de<\/a><br><strong>Webseite:<\/strong>&nbsp;<a href=\"http:\/\/www.nachbarschaftshilfe-forstinning.de\" data-type=\"link\" data-id=\"www.nachbarschaftshilfe-forstinning.de\">www.nachbarschaftshilfe-forstinning.de<\/a><\/p>\n\n\n\n<p class=\"wp-block-paragraph\"><strong>Eingetragener gemeinn\u00fctziger Verein<\/strong><br><\/p>\n\n\n\n<figure class=\"wp-block-image size-large\"><img loading=\"lazy\" decoding=\"async\" width=\"1024\" height=\"576\" src=\"https:\/\/nachbarschaftshilfe-forstinning.de\/wp-content\/uploads\/Vorstand-1024x576.jpg\" alt=\"\" class=\"wp-image-180\" srcset=\"https:\/\/nachbarschaftshilfe-forstinning.de\/wp-content\/uploads\/Vorstand-1024x576.jpg 1024w, https:\/\/nachbarschaftshilfe-forstinning.de\/wp-content\/uploads\/Vorstand-300x169.jpg 300w, https:\/\/nachbarschaftshilfe-forstinning.de\/wp-content\/uploads\/Vorstand-768x432.jpg 768w, https:\/\/nachbarschaftshilfe-forstinning.de\/wp-content\/uploads\/Vorstand.jpg 1100w\" sizes=\"auto, (max-width: 1024px) 100vw, 1024px\" \/><\/figure>\n\n\n\n<p class=\"wp-block-paragraph\"><em>Der Vorstand der Nachbarschaftshilfe Forstinning: v.l. Gerhard Kohberger, Anne Mitterfelner (Schatzmeisterin), Marlene Hollerieth (Schriftf\u00fchrerin), Brigitte Schmid, Susanne Rathmann, Maria Eichinger, Elisabeth Hupfauer, Gabi Schurer und Hannelore Schubert, Vorne: 1. Vorstand Elisabeth Schmidt und 2. Vorstand Irene Kohberger. Es fehlen auf dem Foto: Martina Haack, Madeleine Oelmann und Dieter Zoellner (Beisitzer)<\/em><\/p>\n\n\n\n<p class=\"wp-block-paragraph\"><strong>Vertretungsberechtigte<\/strong><\/p>\n\n\n<div class=\"gb-container gb-container-d2e34c7c\">\n\n<div class=\"wp-block-columns is-layout-flex wp-container-core-columns-is-layout-8f761849 wp-block-columns-is-layout-flex\">\n<div class=\"wp-block-column is-layout-flow wp-block-column-is-layout-flow\" style=\"flex-basis:100%\"><div class=\"gb-grid-wrapper gb-grid-wrapper-1eab8367\">\n<div class=\"gb-grid-column gb-grid-column-ebdcb3d0\"><div class=\"gb-container gb-container-ebdcb3d0\">\n\n<figure class=\"wp-block-image size-full is-resized\"><img loading=\"lazy\" decoding=\"async\" width=\"154\" height=\"185\" src=\"https:\/\/nachbarschaftshilfe-forstinning.de\/wp-content\/uploads\/Bild-Elisabeth.jpg\" alt=\"\" class=\"wp-image-177\" style=\"width:200px\"\/><\/figure>\n\n\n\n<p class=\"wp-block-paragraph\">Vorstandsvorsitzende<br>Elisabeth Schmidt<\/p>\n\n\n\n<figure class=\"wp-block-image size-full is-resized\"><img loading=\"lazy\" decoding=\"async\" width=\"1509\" height=\"1920\" src=\"https:\/\/nachbarschaftshilfe-forstinning.de\/wp-content\/uploads\/IMG_0105-kl.jpg\" alt=\"\" class=\"wp-image-387\" style=\"width:200px;height:auto\" srcset=\"https:\/\/nachbarschaftshilfe-forstinning.de\/wp-content\/uploads\/IMG_0105-kl.jpg 1509w, https:\/\/nachbarschaftshilfe-forstinning.de\/wp-content\/uploads\/IMG_0105-kl-236x300.jpg 236w, https:\/\/nachbarschaftshilfe-forstinning.de\/wp-content\/uploads\/IMG_0105-kl-805x1024.jpg 805w, https:\/\/nachbarschaftshilfe-forstinning.de\/wp-content\/uploads\/IMG_0105-kl-768x977.jpg 768w, https:\/\/nachbarschaftshilfe-forstinning.de\/wp-content\/uploads\/IMG_0105-kl-1207x1536.jpg 1207w\" sizes=\"auto, (max-width: 1509px) 100vw, 1509px\" \/><\/figure>\n\n\n\n<p class=\"wp-block-paragraph\">Schatzmeister<br>Dieter Zoellner<\/p>\n\n<\/div><\/div>\n\n<div class=\"gb-grid-column gb-grid-column-1cc48888\"><div class=\"gb-container gb-container-1cc48888\">\n\n<figure class=\"wp-block-image size-full is-resized\"><img loading=\"lazy\" decoding=\"async\" width=\"154\" height=\"185\" src=\"https:\/\/nachbarschaftshilfe-forstinning.de\/wp-content\/uploads\/Bild-Irene.jpg\" alt=\"\" class=\"wp-image-178\" style=\"width:200px\"\/><\/figure>\n\n\n\n<p class=\"wp-block-paragraph\">Stellvertreterin<br>Irene Kohberger<\/p>\n\n\n\n<figure class=\"wp-block-image size-full is-resized\"><img loading=\"lazy\" decoding=\"async\" width=\"154\" height=\"185\" src=\"https:\/\/nachbarschaftshilfe-forstinning.de\/wp-content\/uploads\/Bilde-Marlene.jpg\" alt=\"\" class=\"wp-image-179\" style=\"width:200px\"\/><\/figure>\n\n\n\n<p class=\"wp-block-paragraph\">Schriftf\u00fchrerin<br>Marlene Hollerieth<\/p>\n\n<\/div><\/div>\n<\/div><\/div>\n<\/div>\n\n<\/div>\n\n\n<p class=\"wp-block-paragraph\"><strong>Bankverbindung:<\/strong><br>VR-Bank Erding eG<br>IBAN: DE14 7016 9605 0000 5035 84<br><br><a href=\"https:\/\/nachbarschaftshilfe-forstinning.de\/?page_id=105\" data-type=\"page\" data-id=\"105\">Satzung\u00a0der Nachbarschaftshilfe Forstinning<\/a><\/p>\n\n<\/div><\/div>\n<\/div>\n<\/div>","protected":false},"excerpt":{"rendered":"","protected":false},"author":1,"featured_media":0,"parent":0,"menu_order":0,"comment_status":"closed","ping_status":"closed","template":"","meta":{"_crdt_document":"","footnotes":""},"class_list":["post-65","page","type-page","status-publish"],"_links":{"self":[{"href":"https:\/\/nachbarschaftshilfe-forstinning.de\/index.php?rest_route=\/wp\/v2\/pages\/65","targetHints":{"allow":["GET"]}}],"collection":[{"href":"https:\/\/nachbarschaftshilfe-forstinning.de\/index.php?rest_route=\/wp\/v2\/pages"}],"about":[{"href":"https:\/\/nachbarschaftshilfe-forstinning.de\/index.php?rest_route=\/wp\/v2\/types\/page"}],"author":[{"embeddable":true,"href":"https:\/\/nachbarschaftshilfe-forstinning.de\/index.php?rest_route=\/wp\/v2\/users\/1"}],"replies":[{"embeddable":true,"href":"https:\/\/nachbarschaftshilfe-forstinning.de\/index.php?rest_route=%2Fwp%2Fv2%2Fcomments&post=65"}],"version-history":[{"count":9,"href":"https:\/\/nachbarschaftshilfe-forstinning.de\/index.php?rest_route=\/wp\/v2\/pages\/65\/revisions"}],"predecessor-version":[{"id":390,"href":"https:\/\/nachbarschaftshilfe-forstinning.de\/index.php?rest_route=\/wp\/v2\/pages\/65\/revisions\/390"}],"wp:attachment":[{"href":"https:\/\/nachbarschaftshilfe-forstinning.de\/index.php?rest_route=%2Fwp%2Fv2%2Fmedia&parent=65"}],"curies":[{"name":"wp","href":"https:\/\/api.w.org\/{rel}","templated":true}]}}