{"id":29,"date":"2024-02-16T18:10:52","date_gmt":"2024-02-16T17:10:52","guid":{"rendered":"https:\/\/nachbarschaftshilfe-forstinning.de\/wordpress\/?page_id=29"},"modified":"2024-05-01T09:59:01","modified_gmt":"2024-05-01T07:59:01","slug":"datenschutzhinweise","status":"publish","type":"page","link":"https:\/\/nachbarschaftshilfe-forstinning.de\/?page_id=29","title":{"rendered":"Datenschutzhinweise"},"content":{"rendered":"<div class=\"gb-container gb-container-c76d64aa\">\n\n<h3 class=\"wp-block-heading\"><\/h3>\n\n\n\n<p class=\"wp-block-paragraph\">Wir freuen uns sehr \u00fcber Ihr Interesse an dem Internetauftritt der Nachbarschaftshilfe Forstinning e.V.<\/p>\n\n\n\n<p class=\"wp-block-paragraph\">Datenschutz hat einen besonders hohen Stellenwert f\u00fcr uns.<\/p>\n\n\n\n<p class=\"wp-block-paragraph\">Die Nutzung der Internetseiten der Nachbarschaftshilfe Forstinning e.V. ist grunds\u00e4tzlich ohne jede Angabe personenbezogener Daten m\u00f6glich. Mit dem Beitritt in den Verein oder der Inanspruchnahme von Hilfeleistungen, wird jedoch eine Verarbeitung personenbezogener Daten erforderlich. Ist die Verarbeitung personenbezogener Daten erforderlich und besteht f\u00fcr eine solche Verarbeitung keine gesetzliche Grundlage, holen wir generell die Einwilligung der betroffenen Person ein.<\/p>\n\n\n\n<p class=\"wp-block-paragraph\">Die Verarbeitung personenbezogener Daten, beispielsweise des Namens, der Anschrift, E-Mail-Adresse oder Telefonnummer einer betroffenen Person, erfolgt im Einklang mit den Erfordernissen der Datenschutz-Grundverordnung (DSGVO 2018).<\/p>\n\n\n\n<p class=\"wp-block-paragraph\">Zur Erf\u00fcllung der Zwecke und Aufgaben des Vereins werden unter Beachtung der Vorgaben der EU-Datenschutz-Grundverordnung (DS-GVO) und des Bundesdatenschutzgesetzes (BDSG) personenbezogene Daten \u00fcber pers\u00f6nliche und sachliche Verh\u00e4ltnisse der Mitglieder im Verein verarbeitet.<\/p>\n\n\n\n<h3 class=\"wp-block-heading\">Inhalt:<\/h3>\n\n\n\n<ol class=\"wp-block-list\">\n<li>Name und Kontaktdaten der verantwortlichen Stelle <\/li>\n\n\n\n<li>Erhebung und Speicherung personenbezogener Daten; Art, Zweck und Verwendung &#8218;<\/li>\n\n\n\n<li>Weitergabe von Daten an Dritte <\/li>\n\n\n\n<li>Ihre Rechte als betroffene Person <\/li>\n\n\n\n<li>Ihr Recht auf Widerspruch <\/li>\n\n\n\n<li>Datenverarbeitung \u00fcber unsere Website <\/li>\n<\/ol>\n\n\n\n<h3 class=\"wp-block-heading\">1. Name und Kontaktdaten der verantwortlichen Stelle <\/h3>\n\n\n\n<p class=\"wp-block-paragraph\">Nachbarschaftshilfe Forstinning e.V. <br>Elisabeth Schmidt<br>Am Holzfeld 9 <br>85661 Forstinning <br>Tel. 08121-46 602 <br>E-Mail: <a href=\"mailto:info@nachbarschaftshilfe-forstinning.de\">info@nachbarschaftshilfe-forstinning.de<\/a><\/p>\n\n\n\n<h3 class=\"gb-headline gb-headline-0287a9f1 gb-headline-text\">2. Erhebung und Speicherung personenbezogener Daten; Art, Zweck und Verwendung <\/h3>\n\n\n\n<p class=\"wp-block-paragraph\">Wenn Sie uns beauftragen, werden folgende Informationen erhoben:<\/p>\n\n\n\n<ul class=\"wp-block-list\">\n<li>Anrede, Titel, Vorname, Nachname <\/li>\n\n\n\n<li>Anschrift <\/li>\n\n\n\n<li>Telefonnummer (Festnetz und\/oder Mobilfunk) <\/li>\n\n\n\n<li>E-Mail-Adresse <\/li>\n\n\n\n<li>ggf. Faxnummer (wenn vorhanden &amp; gew\u00fcnscht) <\/li>\n\n\n\n<li>ggf. Kontodaten <\/li>\n<\/ul>\n\n\n\n<p class=\"wp-block-paragraph\">Au\u00dferdem werden alle Informationen erhoben, die f\u00fcr die Erf\u00fcllung des Vertrages mit Ihnen notwendig sind.<br>Die Erhebung der personenbezogenen Daten erfolgt, <\/p>\n\n\n\n<ul class=\"wp-block-list\">\n<li>um Sie als Kunden identifizieren zu k\u00f6nnen;<\/li>\n\n\n\n<li>um Sie angemessen beraten zu k\u00f6nnen;<\/li>\n\n\n\n<li> um unsere vertraglichen Pflichten Ihnen gegen\u00fcber erf\u00fcllen zu k\u00f6nnen;<\/li>\n\n\n\n<li> um unseren gesetzlichen Verpflichtungen nachkommen zu k\u00f6nnen:<\/li>\n\n\n\n<li> zur Korrespondenz mit Ihnen;<\/li>\n\n\n\n<li> zur Rechnungsstellung bzw. ggf. im Rahmen des Mahnwesens;<\/li>\n\n\n\n<li> zu Zwecken der zul\u00e4ssigen Direktwerbung;<\/li>\n\n\n\n<li> zur Geltendmachung etwaiger Anspr\u00fcche gegen Sie. <\/li>\n<\/ul>\n\n\n\n<p class=\"wp-block-paragraph\">Die Verarbeitung der personenbezogenen Daten erfolgt anl\u00e4sslich Ihrer Anfrage bei uns und ist zu den genannten Zwecken f\u00fcr die Bearbeitung Ihres Auftrags und f\u00fcr die Erf\u00fcllung von Verpflichtungen aus dem zugrundeliegenden Vertrag erforderlich. Die erhobenen personenbezogenen Daten werden bis zum Ablauf der gesetzlichen Aufbewahrungspflicht f\u00fcr Kaufleute (6, 8 oder 10 Jahre nach Ablauf des Kalenderjahres, in dem das Vertragsverh\u00e4ltnis beendet wurde,) gespeichert und danach gel\u00f6scht. Dies gilt ausnahmsweise nicht, wenn wir aufgrund von steuer- oder handelsrechtlichen Aufbewahrungspflichten (gem\u00e4\u00df HGB, StGB oder AO) zu einer l\u00e4ngeren Speicherung verpflichtet sind oder wenn Sie in eine dar\u00fcber hinausgehende Speicherung eingewilligt haben. <\/p>\n\n\n\n<h3 class=\"wp-block-heading\">3. Weitergabe von Daten an Dritte<\/h3>\n\n\n\n<p class=\"wp-block-paragraph\">Den Organen des Vereins, allen Mitarbeitern oder sonst f\u00fcr den Verein T\u00e4tigen ist es untersagt, personenbezogene Daten unbefugt zu \u00e4ndern als dem jeweiligen Aufgabenerf\u00fcllung geh\u00f6renden Zweck zu verarbeiten, bekannt zu geben, Dritten zug\u00e4nglich zu machen oder sonst zu nutzen. Diese Pflicht besteht auch \u00fcber das Ausscheiden der oben genannten Personen aus dem Verein hinaus.<\/p>\n\n\n\n<h3 class=\"wp-block-heading\">4. Ihre Rechte als betroffene Person<\/h3>\n\n\n\n<p class=\"wp-block-paragraph\">Ihnen als von der Datenverarbeitung betroffenen Person stehen verschiedene Rechte zu: <\/p>\n\n\n\n<p class=\"wp-block-paragraph\"><strong>Widerspruchsrecht<\/strong>: Von Ihnen erteilte Einwilligungen k\u00f6nnen Sie jederzeit uns gegen\u00fcber widerrufen. Die Datenverarbeitung, die auf der widerrufenen Einwilligung beruht, darf dann f\u00fcr die Zukunft nicht mehr fortgef\u00fchrt werden. <\/p>\n\n\n\n<p class=\"wp-block-paragraph\"><strong>Auskunftsrecht<\/strong>: Sie k\u00f6nnen Auskunft \u00fcber Ihre von uns verarbeiteten personenbezogenen Daten verlangen. Dies gilt insbesondere f\u00fcr die Zwecke der Datenverarbeitungen, die Kategorien der personenbezogenen Daten, ggf. die Kategorien von Empf\u00e4ngern, die Speicherdauer, ggf. die Herkunft Ihrer Daten sowie ggf. f\u00fcr das Bestehen einer automatisierten Entscheidungsfindung einschlie\u00dflich Profiling und ggf. aussagekr\u00e4ftigen Informationen zu deren Details. <\/p>\n\n\n\n<p class=\"wp-block-paragraph\"><strong>Berichtigungsrecht<\/strong>: Sie k\u00f6nnen die Berichtigung unrichtiger oder die Vervollst\u00e4ndigung Ihrer bei uns gespeicherten personenbezogenen Daten verlangen. <\/p>\n\n\n\n<p class=\"wp-block-paragraph\"><strong>L\u00f6schungsrecht<\/strong>: Sie k\u00f6nnen die L\u00f6schung Ihrer bei uns gespeicherten personenbezogenen Daten verlangen, soweit deren Verarbeitung nicht zur Aus\u00fcbung des Rechts auf freie Meinungs\u00e4u\u00dferung und Information, zur Erf\u00fcllung einer rechtlichen Verpflichtung, aus Gr\u00fcnden des \u00f6ffentlichen Interesses oder zur Geltendmachung, Aus\u00fcbung oder Verteidigung von Rechtsanspr\u00fcchen erforderlich ist. &#8211; <\/p>\n\n\n\n<p class=\"wp-block-paragraph\"><strong>Recht auf Einschr\u00e4nkung<\/strong> der Verarbeitung: Sie k\u00f6nnen die Einschr\u00e4nkung der Verarbeitung Ihrer personenbezogenen Daten verlangen, soweit die Richtigkeit der Daten von Ihnen bestritten wird, die Verarbeitung unrechtm\u00e4\u00dfig ist, Sie aber deren L\u00f6schung ablehnen. Au\u00dferdem steht Ihnen dieses Recht zu, wenn wir die Daten nicht mehr ben\u00f6tigen, Sie diese jedoch zur Geltendmachung, Aus\u00fcbung oder Verteidigung von Rechtsanspr\u00fcchen ben\u00f6tigen. Dar\u00fcber hinaus haben Sie dieses Recht, wenn Sie Widerspruch gegen die Verarbeitung Ihrer personenbezogenen Daten eingelegt haben; <\/p>\n\n\n\n<p class=\"wp-block-paragraph\"><strong>Recht auf Daten\u00fcbertragbarkeit:<\/strong> Sie k\u00f6nnen verlangen, dass wir Ihnen Ihre personenbezogenen Daten, die Sie uns bereitgestellt haben, in einem strukturierten, g\u00e4ngigen und maschinenlesebaren Format \u00fcbermitteln. Alternativ k\u00f6nnen Sie die direkte \u00dcbermittlung der von Ihnen uns bereitgestellten personenbezogenen Daten an einen anderen Verantwortlichen verlangen, soweit dies m\u00f6glich ist.  <\/p>\n\n\n\n<p class=\"wp-block-paragraph\"><strong>Beschwerderecht<\/strong>: Sie k\u00f6nnen sich bei der f\u00fcr uns zust\u00e4ndigen Aufsichtsbeh\u00f6rde beschweren, z.B. wenn Sie der Ansicht sind, dass wir Ihre personenbezogenen Daten in unrechtm\u00e4\u00dfiger Weise verarbeiten. Die f\u00fcr uns zust\u00e4ndige Beh\u00f6rde ist: Landesamt f\u00fcr Datenschutzaufsicht Promenade 27 91522 Ansbach 5. <\/p>\n\n\n\n<h3 class=\"wp-block-heading\">5. Ihr Recht auf Widerspruch <\/h3>\n\n\n\n<p class=\"wp-block-paragraph\">Sofern wir Ihre personenbezogenen Daten auf Basis eines berechtigten Interesses verarbeiten, haben Sie das Recht, Widerspruch gegen diese Verarbeitung einzulegen. M\u00f6chten Sie von Ihrem Widerspruchsrecht Gebrauch machen, gen\u00fcgt eine Mitteilung in Textform. Sie k\u00f6nnen uns also gerne anschreiben, ein Fax schicken oder sich per E-Mail an uns wenden. Unsere Kontaktdaten finden Sie unter Punkt 1. dieser Datenschutzhinweise. <\/p>\n\n\n\n<h3 class=\"wp-block-heading\">6. Datenverarbeitung online <\/h3>\n\n\n\n<p class=\"wp-block-paragraph\">\u00dcber unsere Internetseite unter <a href=\"https:\/\/nachbarschaftshilfe-forstinning.de\/\" data-type=\"page\" data-id=\"65\">www.nachbarschaftshilfe-forstinning.de <\/a>erfolgt keine Verarbeitung personenbezogener Daten, au\u00dfer der \u00fcblichen Aufzeichnung der Domain-Anbieter u.a. der IP-Adresse der Website-Besucher. Sollten Fotos zu Informationszwecken ver\u00f6ffentlicht werden, dann nur mit Ihrem vorherigen Einverst\u00e4ndnis.<\/p>\n\n\n\n<h3 class=\"wp-block-heading\">7. Verwendung von Cookies<\/h3>\n\n\n\n<p class=\"wp-block-paragraph\">Zur Verwaltung der eingesetzten Cookies und \u00e4hnlichen Technologien (Tracking-Pixel, Web-Beacons etc.) und diesbez\u00fcglicher Einwilligungen setzen wir das Consent Tool &#8222;Real Cookie Banner&#8220; ein. Details zur Funktionsweise von &#8222;Real Cookie Banner&#8220; findest du unter <a href=\"https:\/\/devowl.io\/de\/rcb\/datenverarbeitung\/\" rel=\"noreferrer noopener\" target=\"_blank\">https:\/\/devowl.io\/de\/rcb\/datenverarbeitung\/<\/a>.<\/p>\n\n\n\n<p class=\"wp-block-paragraph\">Rechtsgrundlagen f\u00fcr die Verarbeitung von personenbezogenen Daten in diesem Zusammenhang sind Art. 6 Abs. 1 lit. c DS-GVO und Art. 6 Abs. 1 lit. f DS-GVO. Unser berechtigtes Interesse ist die Verwaltung der eingesetzten Cookies und \u00e4hnlichen Technologien und der diesbez\u00fcglichen Einwilligungen.<\/p>\n\n\n\n<p class=\"wp-block-paragraph\">Die Bereitstellung der personenbezogenen Daten ist weder vertraglich vorgeschrieben noch f\u00fcr den Abschluss eines Vertrages notwendig. Du bist nicht verpflichtet die personenbezogenen Daten bereitzustellen. Wenn du die personenbezogenen Daten nicht bereitstellst, k\u00f6nnen wir deine Einwilligungen nicht verwalten.<\/p>\n\n\n\n<p class=\"wp-block-paragraph\"><em>Stand: 01. Mai 2024<\/em><\/p>\n\n<\/div>","protected":false},"excerpt":{"rendered":"<p>Wir freuen uns sehr \u00fcber Ihr Interesse an dem Internetauftritt der Nachbarschaftshilfe Forstinning e.V. Datenschutz hat einen besonders hohen Stellenwert f\u00fcr uns. Die Nutzung der Internetseiten der Nachbarschaftshilfe Forstinning e.V. ist grunds\u00e4tzlich ohne jede Angabe personenbezogener Daten m\u00f6glich. Mit dem Beitritt in den Verein oder der Inanspruchnahme von Hilfeleistungen, wird jedoch eine Verarbeitung personenbezogener Daten &#8230; <a title=\"Datenschutzhinweise\" class=\"read-more\" href=\"https:\/\/nachbarschaftshilfe-forstinning.de\/?page_id=29\" aria-label=\"Mehr Informationen \u00fcber Datenschutzhinweise\">Weiterlesen &#8230;<\/a><\/p>\n","protected":false},"author":1,"featured_media":0,"parent":0,"menu_order":0,"comment_status":"closed","ping_status":"closed","template":"","meta":{"_crdt_document":"","footnotes":""},"class_list":["post-29","page","type-page","status-publish"],"_links":{"self":[{"href":"https:\/\/nachbarschaftshilfe-forstinning.de\/index.php?rest_route=\/wp\/v2\/pages\/29","targetHints":{"allow":["GET"]}}],"collection":[{"href":"https:\/\/nachbarschaftshilfe-forstinning.de\/index.php?rest_route=\/wp\/v2\/pages"}],"about":[{"href":"https:\/\/nachbarschaftshilfe-forstinning.de\/index.php?rest_route=\/wp\/v2\/types\/page"}],"author":[{"embeddable":true,"href":"https:\/\/nachbarschaftshilfe-forstinning.de\/index.php?rest_route=\/wp\/v2\/users\/1"}],"replies":[{"embeddable":true,"href":"https:\/\/nachbarschaftshilfe-forstinning.de\/index.php?rest_route=%2Fwp%2Fv2%2Fcomments&post=29"}],"version-history":[{"count":5,"href":"https:\/\/nachbarschaftshilfe-forstinning.de\/index.php?rest_route=\/wp\/v2\/pages\/29\/revisions"}],"predecessor-version":[{"id":418,"href":"https:\/\/nachbarschaftshilfe-forstinning.de\/index.php?rest_route=\/wp\/v2\/pages\/29\/revisions\/418"}],"wp:attachment":[{"href":"https:\/\/nachbarschaftshilfe-forstinning.de\/index.php?rest_route=%2Fwp%2Fv2%2Fmedia&parent=29"}],"curies":[{"name":"wp","href":"https:\/\/api.w.org\/{rel}","templated":true}]}}