{"id":21,"date":"2024-02-16T17:48:53","date_gmt":"2024-02-16T16:48:53","guid":{"rendered":"https:\/\/nachbarschaftshilfe-forstinning.de\/wordpress\/?page_id=21"},"modified":"2024-05-01T09:52:10","modified_gmt":"2024-05-01T07:52:10","slug":"datenschutzerklaerung","status":"publish","type":"page","link":"https:\/\/nachbarschaftshilfe-forstinning.de\/?page_id=21","title":{"rendered":"Datenschutzhinweise kurz"},"content":{"rendered":"<div class=\"gb-container gb-container-9f8bb7ec\">\n<div class=\"gb-container gb-container-33fab0fb\">\n<div class=\"gb-grid-wrapper gb-grid-wrapper-f83af003\">\n<div class=\"gb-grid-column gb-grid-column-c0e4447d\"><div class=\"gb-container gb-container-c0e4447d\">\n<div class=\"gb-container gb-container-0b0765cd\">\n<div class=\"gb-container gb-container-eea60e0f\">\n<div class=\"gb-grid-wrapper gb-grid-wrapper-ee16e0f0\">\n<div class=\"gb-grid-column gb-grid-column-a55c6b74\"><div class=\"gb-container gb-container-a55c6b74\">\n\n<p class=\"wp-block-paragraph\">Wir freuen uns sehr \u00fcber Ihr Interesse an dem Internetauftritt der Nachbarschaftshilfe Forstinning e.V.<\/p>\n\n\n\n<p class=\"wp-block-paragraph\"><strong>Datenschutz hat einen besonders hohen Stellenwert f\u00fcr uns.<\/strong><\/p>\n\n\n\n<p class=\"wp-block-paragraph\">Die Nutzung der Internetseiten der Nachbarschaftshilfe Forstinning e.V. ist grunds\u00e4tzlich ohne jede Angabe personenbezogener Daten m\u00f6glich. Mit dem Beitritt in den Verein oder der Inanspruchnahme von Hilfeleistungen, wird jedoch eine Verarbeitung personenbezogener Daten erforderlich. Ist die Verarbeitung personenbezogener Daten erforderlich und besteht f\u00fcr eine solche Verarbeitung keine gesetzliche Grundlage, holen wir generell die Einwilligung der betroffenen Person ein.<\/p>\n\n\n\n<p class=\"wp-block-paragraph\">Die Verarbeitung personenbezogener Daten, beispielsweise des Namens, der Anschrift, E-Mail-Adresse oder Telefonnummer einer betroffenen Person, erfolgt im Einklang mit den Erfordernissen der Datenschutz-Grundverordnung (DSGVO 2018).<br><br>1) Zur Erf\u00fcllung der Zwecke und Aufgaben des Vereins werden unter Beachtung der Vorgaben der EU-Datenschutz-Grundverordnung (DS-GVO) und des Bundesdatenschutzgesetzes (BDSG) personenbezogene Daten \u00fcber pers\u00f6nliche und sachliche Verh\u00e4ltnisse der Mitglieder im Verein verarbeitet.<br><br>2) Soweit die in den jeweiligen Vorschriften beschriebenen Voraussetzungen vorliegen, hat jedes Vereinsmitglied insbesondere die folgenden Rechte:<\/p>\n\n\n\n<p class=\"wp-block-paragraph\">&#8211; das Recht auf Auskunft nach Artikel 15 DS-GVO,<br>&#8211; das Recht auf Berichtigung nach Artikel 16 DS-GVO,<br>&#8211; das Recht auf L\u00f6schung nach Artikel 17 DS-GVO,<br>&#8211; das Recht auf Einschr\u00e4nkung der Verarbeitung nach Artikel 18 DS-GVO,<br><strong>&#8211;&nbsp;<\/strong>das Recht jederzeit gegen die Verarbeitung, Sie betreffende personenbezogene Daten, Widerspruch einzulegen, beim 1. Vorstand der Nachbarschaftshilfe e.V. nach \u00a721 DS-GVO<\/p>\n\n\n\n<p class=\"wp-block-paragraph\">3) Den Organen des Vereins, allen Mitarbeitern oder sonst f\u00fcr den Verein T\u00e4tigen ist es untersagt, personenbezogene Daten unbefugt zu \u00e4ndern als dem jeweiligen Aufgabenerf\u00fcllung geh\u00f6renden Zweck zu verarbeiten, bekannt zu geben, Dritten zug\u00e4nglich zu machen oder sonst zu nutzen. Diese Pflicht besteht auch \u00fcber das Ausscheiden der oben genannten Personen aus dem Verein hinaus.<\/p>\n\n\n\n<p class=\"wp-block-paragraph\">4) Cookie Banner<\/p>\n\n\n\n<p class=\"wp-block-paragraph\">Zur Verwaltung der eingesetzten Cookies und \u00e4hnlichen Technologien (Tracking-Pixel, Web-Beacons etc.) und diesbez\u00fcglicher Einwilligungen setzen wir das Consent Tool &#8222;Real Cookie Banner&#8220; ein. Details zur Funktionsweise von &#8222;Real Cookie Banner&#8220; findest du unter <a href=\"https:\/\/devowl.io\/de\/rcb\/datenverarbeitung\/\" rel=\"noreferrer noopener\" target=\"_blank\">https:\/\/devowl.io\/de\/rcb\/datenverarbeitung\/<\/a>.<\/p>\n\n\n\n<p class=\"wp-block-paragraph\">Rechtsgrundlagen f\u00fcr die Verarbeitung von personenbezogenen Daten in diesem Zusammenhang sind Art. 6 Abs. 1 lit. c DS-GVO und Art. 6 Abs. 1 lit. f DS-GVO. Unser berechtigtes Interesse ist die Verwaltung der eingesetzten Cookies und \u00e4hnlichen Technologien und der diesbez\u00fcglichen Einwilligungen.<\/p>\n\n\n\n<p class=\"wp-block-paragraph\">Die Bereitstellung der personenbezogenen Daten ist weder vertraglich vorgeschrieben noch f\u00fcr den Abschluss eines Vertrages notwendig. Du bist nicht verpflichtet die personenbezogenen Daten bereitzustellen. Wenn du die personenbezogenen Daten nicht bereitstellst, k\u00f6nnen wir deine Einwilligungen nicht verwalten.<\/p>\n\n\n\n<p class=\"wp-block-paragraph\"><a href=\"https:\/\/nachbarschaftshilfe-forstinning.de\/wordpress\/datenschutzhinweise\/\" data-type=\"page\" data-id=\"29\">Datenschutzhinweise<\/a><\/p>\n\n\n\n<p class=\"wp-block-paragraph\"><strong>Haftungsausschluss:<\/strong><\/p>\n\n\n\n<p class=\"wp-block-paragraph\">Haftung f\u00fcr Inhalte<\/p>\n\n\n\n<p class=\"wp-block-paragraph\">Die Inhalte unserer Seiten wurden mit gr\u00f6\u00dfter Sorgfalt erstellt. F\u00fcr die Richtigkeit, Vollst\u00e4ndigkeit und Aktualit\u00e4t der Inhalte k\u00f6nnen wir jedoch keine Gew\u00e4hr \u00fcbernehmen.<br>Als Vermittler sind wir gem\u00e4\u00df \u00a7 7 Abs.1 TMG f\u00fcr eigene Inhalte auf diesen Seiten nach den allgemeinen Gesetzen verantwortlich. Nach \u00a7\u00a7 8 bis 10 TMG sind wir als Vermittler jedoch nicht verpflichtet, \u00fcbermittelte oder gespeicherte fremde Informationen zu \u00fcberwachen oder nach Umst\u00e4nden zu forschen, die auf eine rechtswidrige T\u00e4tigkeit hinweisen. Verpflichtungen zur Entfernung oder Sperrung der Nutzung von Informationen nach den allgemeinen Gesetzen bleiben hiervon unber\u00fchrt. Eine Haftung ist jedoch erst ab dem Zeitpunkt der Kenntnis einer konkreten Rechtsverletzung m\u00f6glich. Bei Bekanntwerden von entsprechenden Rechtsverletzungen werden wir diese Inhalte umgehend entfernen.<\/p>\n\n\n\n<p class=\"wp-block-paragraph\">Haftung f\u00fcr Links<\/p>\n\n\n\n<p class=\"wp-block-paragraph\">Unser Angebot enth\u00e4lt m\u00f6glicherweise Links zu externen Webseiten Dritter, auf deren Inhalte wir keinen Einfluss haben. Wir k\u00f6nnen f\u00fcr diese fremden Inhalte keine Gew\u00e4hr \u00fcbernehmen. F\u00fcr die Inhalte der verlinkten Seiten ist stets der jeweilige Anbieter oder Betreiber der Seiten verantwortlich. Die verlinkten Seiten wurden zum Zeitpunkt der Verlinkung auf m\u00f6gliche Rechtsverst\u00f6\u00dfe \u00fcberpr\u00fcft. Rechtswidrige Inhalte waren zum Zeitpunkt der Verlinkung nicht erkennbar. Eine permanente inhaltliche Kontrolle der verlinkten Seiten ist jedoch ohne konkrete Anhaltspunkte einer Rechtsverletzung nicht zumutbar. Bei Bekanntwerden von Rechtsverletzungen werden wir derartige Links umgehend entfernen.<\/p>\n\n\n\n<p class=\"wp-block-paragraph\">Stand 01.05.2024<\/p>\n\n<\/div><\/div>\n<\/div>\n<\/div>\n<\/div>\n<\/div><\/div>\n<\/div>\n<\/div>\n<\/div>","protected":false},"excerpt":{"rendered":"","protected":false},"author":1,"featured_media":0,"parent":0,"menu_order":0,"comment_status":"closed","ping_status":"closed","template":"","meta":{"_crdt_document":"","footnotes":""},"class_list":["post-21","page","type-page","status-publish"],"_links":{"self":[{"href":"https:\/\/nachbarschaftshilfe-forstinning.de\/index.php?rest_route=\/wp\/v2\/pages\/21","targetHints":{"allow":["GET"]}}],"collection":[{"href":"https:\/\/nachbarschaftshilfe-forstinning.de\/index.php?rest_route=\/wp\/v2\/pages"}],"about":[{"href":"https:\/\/nachbarschaftshilfe-forstinning.de\/index.php?rest_route=\/wp\/v2\/types\/page"}],"author":[{"embeddable":true,"href":"https:\/\/nachbarschaftshilfe-forstinning.de\/index.php?rest_route=\/wp\/v2\/users\/1"}],"replies":[{"embeddable":true,"href":"https:\/\/nachbarschaftshilfe-forstinning.de\/index.php?rest_route=%2Fwp%2Fv2%2Fcomments&post=21"}],"version-history":[{"count":9,"href":"https:\/\/nachbarschaftshilfe-forstinning.de\/index.php?rest_route=\/wp\/v2\/pages\/21\/revisions"}],"predecessor-version":[{"id":416,"href":"https:\/\/nachbarschaftshilfe-forstinning.de\/index.php?rest_route=\/wp\/v2\/pages\/21\/revisions\/416"}],"wp:attachment":[{"href":"https:\/\/nachbarschaftshilfe-forstinning.de\/index.php?rest_route=%2Fwp%2Fv2%2Fmedia&parent=21"}],"curies":[{"name":"wp","href":"https:\/\/api.w.org\/{rel}","templated":true}]}}