{"id":183,"date":"2024-02-18T09:48:04","date_gmt":"2024-02-18T08:48:04","guid":{"rendered":"https:\/\/nachbarschaftshilfe-forstinning.de\/wordpress\/?page_id=183"},"modified":"2024-02-19T10:40:59","modified_gmt":"2024-02-19T09:40:59","slug":"presse","status":"publish","type":"page","link":"https:\/\/nachbarschaftshilfe-forstinning.de\/?page_id=183","title":{"rendered":"Presse"},"content":{"rendered":"\n<p class=\"wp-block-paragraph\">hier finden Sie einige der Pressever\u00f6ffentlichungen der vergangenen Jahre.<\/p>\n\n\n\n<div class=\"wp-block-media-text is-stacked-on-mobile\" style=\"grid-template-columns:60% auto\"><figure class=\"wp-block-media-text__media\"><img loading=\"lazy\" decoding=\"async\" width=\"801\" height=\"1024\" src=\"https:\/\/nachbarschaftshilfe-forstinning.de\/wordpress\/wp-content\/uploads\/2022-05-20-Merkur-Seit-2010-dem-Mit-und-Fuereinander-801x1024.jpg\" alt=\"\" class=\"wp-image-186 size-full\" srcset=\"https:\/\/nachbarschaftshilfe-forstinning.de\/wp-content\/uploads\/2022-05-20-Merkur-Seit-2010-dem-Mit-und-Fuereinander-801x1024.jpg 801w, https:\/\/nachbarschaftshilfe-forstinning.de\/wp-content\/uploads\/2022-05-20-Merkur-Seit-2010-dem-Mit-und-Fuereinander-235x300.jpg 235w, https:\/\/nachbarschaftshilfe-forstinning.de\/wp-content\/uploads\/2022-05-20-Merkur-Seit-2010-dem-Mit-und-Fuereinander-768x982.jpg 768w, https:\/\/nachbarschaftshilfe-forstinning.de\/wp-content\/uploads\/2022-05-20-Merkur-Seit-2010-dem-Mit-und-Fuereinander.jpg 822w\" sizes=\"auto, (max-width: 801px) 100vw, 801px\" \/><\/figure><div class=\"wp-block-media-text__content\">\n<p class=\"wp-block-paragraph\"><strong><a href=\"https:\/\/nachbarschaftshilfe-forstinning.de\/wordpress\/wp-content\/presse\/2022_05_20_Merkur.pdf\">M\u00fcnchner Merkur vom 20.05.2022<\/a><\/strong><\/p>\n<\/div><\/div>\n\n\n\n<hr class=\"wp-block-separator has-alpha-channel-opacity\"\/>\n\n\n\n<div class=\"wp-block-media-text is-stacked-on-mobile\" style=\"grid-template-columns:60% auto\"><figure class=\"wp-block-media-text__media\"><img loading=\"lazy\" decoding=\"async\" width=\"822\" height=\"909\" src=\"https:\/\/nachbarschaftshilfe-forstinning.de\/wordpress\/wp-content\/uploads\/2019-04-15-Merkur-Zwei-Nachbarschaftshilfen-geben-sich-die-Hand.jpg\" alt=\"\" class=\"wp-image-185 size-full\" srcset=\"https:\/\/nachbarschaftshilfe-forstinning.de\/wp-content\/uploads\/2019-04-15-Merkur-Zwei-Nachbarschaftshilfen-geben-sich-die-Hand.jpg 822w, https:\/\/nachbarschaftshilfe-forstinning.de\/wp-content\/uploads\/2019-04-15-Merkur-Zwei-Nachbarschaftshilfen-geben-sich-die-Hand-271x300.jpg 271w, https:\/\/nachbarschaftshilfe-forstinning.de\/wp-content\/uploads\/2019-04-15-Merkur-Zwei-Nachbarschaftshilfen-geben-sich-die-Hand-768x849.jpg 768w\" sizes=\"auto, (max-width: 822px) 100vw, 822px\" \/><\/figure><div class=\"wp-block-media-text__content\">\n<p class=\"wp-block-paragraph\"><strong><a href=\"https:\/\/nachbarschaftshilfe-forstinning.de\/wordpress\/wp-content\/presse\/2019_04_15_Merkur.pdf\">M\u00fcnchner Merkur vom 25.04.2019<\/a><\/strong><\/p>\n<\/div><\/div>\n\n\n\n<hr class=\"wp-block-separator has-alpha-channel-opacity\"\/>\n\n\n\n<div class=\"wp-block-media-text is-stacked-on-mobile\" style=\"grid-template-columns:60% auto\"><figure class=\"wp-block-media-text__media\"><img loading=\"lazy\" decoding=\"async\" width=\"814\" height=\"406\" src=\"https:\/\/nachbarschaftshilfe-forstinning.de\/wordpress\/wp-content\/uploads\/2011-03-08-Merkur-Nachbarschaftshilfe-in-fast-allen-Bereichen.jpg\" alt=\"\" class=\"wp-image-184 size-full\" srcset=\"https:\/\/nachbarschaftshilfe-forstinning.de\/wp-content\/uploads\/2011-03-08-Merkur-Nachbarschaftshilfe-in-fast-allen-Bereichen.jpg 814w, https:\/\/nachbarschaftshilfe-forstinning.de\/wp-content\/uploads\/2011-03-08-Merkur-Nachbarschaftshilfe-in-fast-allen-Bereichen-300x150.jpg 300w, https:\/\/nachbarschaftshilfe-forstinning.de\/wp-content\/uploads\/2011-03-08-Merkur-Nachbarschaftshilfe-in-fast-allen-Bereichen-768x383.jpg 768w\" sizes=\"auto, (max-width: 814px) 100vw, 814px\" \/><\/figure><div class=\"wp-block-media-text__content\">\n<p class=\"wp-block-paragraph\"><strong><a href=\"https:\/\/nachbarschaftshilfe-forstinning.de\/wordpress\/wp-content\/presse\/2011_03_08_Merkur.pdf\" data-type=\"link\" data-id=\"https:\/\/nachbarschaftshilfe-forstinning.de\/wordpress\/wp-content\/presse\/2011-03-08-Merkur-Nachbarschaftshilfe-in-fast-allen-Bereichen-aktiv.pdf\">M\u00fcnchner Merkur vom 08.03.2011<\/a><\/strong><\/p>\n<\/div><\/div>\n\n\n\n<hr class=\"wp-block-separator has-alpha-channel-opacity\"\/>\n","protected":false},"excerpt":{"rendered":"<p>hier finden Sie einige der Pressever\u00f6ffentlichungen der vergangenen Jahre. M\u00fcnchner Merkur vom 20.05.2022 M\u00fcnchner Merkur vom 25.04.2019 M\u00fcnchner Merkur vom 08.03.2011<\/p>\n","protected":false},"author":1,"featured_media":0,"parent":0,"menu_order":0,"comment_status":"closed","ping_status":"closed","template":"","meta":{"_crdt_document":"","footnotes":""},"class_list":["post-183","page","type-page","status-publish"],"_links":{"self":[{"href":"https:\/\/nachbarschaftshilfe-forstinning.de\/index.php?rest_route=\/wp\/v2\/pages\/183","targetHints":{"allow":["GET"]}}],"collection":[{"href":"https:\/\/nachbarschaftshilfe-forstinning.de\/index.php?rest_route=\/wp\/v2\/pages"}],"about":[{"href":"https:\/\/nachbarschaftshilfe-forstinning.de\/index.php?rest_route=\/wp\/v2\/types\/page"}],"author":[{"embeddable":true,"href":"https:\/\/nachbarschaftshilfe-forstinning.de\/index.php?rest_route=\/wp\/v2\/users\/1"}],"replies":[{"embeddable":true,"href":"https:\/\/nachbarschaftshilfe-forstinning.de\/index.php?rest_route=%2Fwp%2Fv2%2Fcomments&post=183"}],"version-history":[{"count":8,"href":"https:\/\/nachbarschaftshilfe-forstinning.de\/index.php?rest_route=\/wp\/v2\/pages\/183\/revisions"}],"predecessor-version":[{"id":247,"href":"https:\/\/nachbarschaftshilfe-forstinning.de\/index.php?rest_route=\/wp\/v2\/pages\/183\/revisions\/247"}],"wp:attachment":[{"href":"https:\/\/nachbarschaftshilfe-forstinning.de\/index.php?rest_route=%2Fwp%2Fv2%2Fmedia&parent=183"}],"curies":[{"name":"wp","href":"https:\/\/api.w.org\/{rel}","templated":true}]}}