{"id":111,"date":"2024-02-17T18:20:21","date_gmt":"2024-02-17T17:20:21","guid":{"rendered":"https:\/\/nachbarschaftshilfe-forstinning.de\/wordpress\/?page_id=111"},"modified":"2024-02-22T17:21:32","modified_gmt":"2024-02-22T16:21:32","slug":"hilfe-finden","status":"publish","type":"page","link":"https:\/\/nachbarschaftshilfe-forstinning.de\/?page_id=111","title":{"rendered":"Hilfe finden"},"content":{"rendered":"\n<p class=\"wp-block-paragraph\">Unsere Unterst\u00fctzung ist unabh\u00e4ngig von einer Mitgliedschaft!<br><strong>Einzige Bedingung: Sie sind B\u00fcrger\/in unserer Gemeinde.<\/strong><\/p>\n\n\n\n<h2 class=\"wp-block-heading has-large-font-size\">Unsere Vermittlung<\/h2>\n\n\n\n<p class=\"wp-block-paragraph\">Bitte wenden Sie sich im Bedarfsfall an eine unserer Einsatzleiterinnen:<\/p>\n\n\n\n<p class=\"wp-block-paragraph\"><strong>Einsatzleitung <\/strong><br>Telefon 0176 &#8211; 95 29 82 96<\/p>\n\n\n\n<p class=\"wp-block-paragraph\">Elisabeth Schmidt (Vorstand) <br>Telefon 08121 &#8211; 46 602<\/p>\n\n\n\n<p class=\"wp-block-paragraph\">Die Einsatzleiterin vermittelt Ihnen eine\/n Helfer\/in, der\/die sich direkt mit Ihnen in Verbindung setzt und alle Details bespricht. Es wird eine geringe Aufwandsentsch\u00e4digung berechnet, die Sie direkt an den Helfer zahlen. Die genauen Kosten finden Sie unter &#8222;Leistungsangebot&#8220;.<\/p>\n\n\n\n<p class=\"wp-block-paragraph\">Sollten die Kosten ein Problem darstellen, so wenden Sie sich bitte an die Einsatzleitung.<\/p>\n\n\n\n<h2 class=\"wp-block-heading\">Leistungsangebot<\/h2>\n\n\n\n<p class=\"wp-block-paragraph\">Ist ein Notfall eingetreten? Dann versuchen wir zu helfen. <strong>Umfangreiche und langandauernde Hilfen, sowie regelm\u00e4\u00dfige Putzarbeiten bieten wir nicht an.<\/strong><\/p>\n\n\n\n<p class=\"wp-block-paragraph\">Unsere Helfer arbeiten ehrenamtlich, gegen eine geringe Aufwandsentsch\u00e4digung:<\/p>\n\n\n\n<h2 class=\"wp-block-heading has-medium-font-size\"><strong>Kurzzeitige Kinderbetreuung <\/strong><\/h2>\n\n\n\n<p class=\"wp-block-paragraph\">im Elternhaus oder im Haushalt des Betreuenden.<\/p>\n\n\n\n<p class=\"wp-block-paragraph\">Kosten: 5,00 \u20ac \/ Std.<br>Kosten: 8,00 \u20ac \/ Std. ab drei Kindern<\/p>\n\n\n\n<h2 class=\"wp-block-heading has-medium-font-size\"><strong>Seniorenbetreuung <\/strong>(<strong>Keine pflegerischen Leistungen<\/strong>)<\/h2>\n\n\n\n<p class=\"wp-block-paragraph\">allgemeine Betreuung, Unterst\u00fctzung und Entlastung von Angeh\u00f6rigen<\/p>\n\n\n\n<p class=\"wp-block-paragraph\">Kosten: 5,00 \u20ac \/ Std.<\/p>\n\n\n\n<h2 class=\"wp-block-heading has-medium-font-size\"><strong>Fahrdienste<\/strong><\/h2>\n\n\n\n<p class=\"wp-block-paragraph\">einschlie\u00dflich Einkaufshilfe und Beh\u00f6rdeng\u00e4nge<\/p>\n\n\n\n<p class=\"wp-block-paragraph\">Kosten: 5,00 \u20ac \/ Std. f\u00fcr Zeitaufwand Fahrt- und Wartezeiten zzgl. Kilometergeld 0,35 \u20ac \/ km<\/p>\n\n\n\n<p class=\"wp-block-paragraph\"><strong>Wir \u00fcbernehmen keine erstattungsf\u00e4higen Fahrten.<\/strong><\/p>\n\n\n\n<h2 class=\"wp-block-heading has-medium-font-size\"><strong>Kurzzeitige Familienhilfe<\/strong><\/h2>\n\n\n\n<p class=\"wp-block-paragraph\">mit Haushaltst\u00e4tigkeiten<\/p>\n\n\n\n<p class=\"wp-block-paragraph\">Kosten: 8,00 \u20ac \/ Std.<\/p>\n\n\n\n<h2 class=\"wp-block-heading has-medium-font-size\"><strong>Sonstige Hilfen<\/strong><\/h2>\n\n\n\n<ul class=\"wp-block-list\">\n<li>Unterst\u00fctzung bei Beh\u00f6rdenangelegenheiten (Wohngeld, Sozialhilfe, &#8230;)<\/li>\n\n\n\n<li>Schreibarbeiten,<\/li>\n\n\n\n<li>Haustierbetreuung, <\/li>\n\n\n\n<li>weitere T\u00e4tigkeiten auf Anfrage<\/li>\n<\/ul>\n\n\n\n<p class=\"wp-block-paragraph\">Kosten: 5,00 \u20ac \/ Std.<\/p>\n\n\n\n<p class=\"wp-block-paragraph\"><\/p>\n\n\n<div class=\"gb-container gb-container-d56da13a\">\n\n<h2 class=\"wp-block-heading\"><a href=\"https:\/\/www.deine-nachbarschaftshilfe.de\/dienste\/hauswirtschaftliche-hilfe\/\">Hauswirtschaftliche Hilfe<\/a><\/h2>\n\n\n\n<ul class=\"wp-block-list\">\n<li>Reinigung des \u00fcblichen Lebensbereichs<\/li>\n\n\n\n<li>W\u00e4schepflege<\/li>\n\n\n\n<li>Fenster Reinigung \/ Ab- und Aufh\u00e4ngen von Vorh\u00e4ngen<\/li>\n\n\n\n<li>Gartenarbeit<br>und weitere Angebote<\/li>\n<\/ul>\n\n\n\n<p class=\"wp-block-paragraph\">Suchen Sie hauswirtschaftliche Hilfe, auch f\u00fcr einen l\u00e4ngeren Zeitraum, wenden Sie sich bitte an unseren Kooperationspartner<\/p>\n\n\n\n<figure class=\"gb-block-image gb-block-image-731fd6ca\"><a href=\"https:\/\/www.deine-nachbarschaftshilfe.de\/dienste\/hauswirtschaftliche-hilfe\/\" target=\"_blank\" rel=\"noopener noreferrer\"><img loading=\"lazy\" decoding=\"async\" width=\"300\" height=\"92\" class=\"gb-image gb-image-731fd6ca\" src=\"https:\/\/nachbarschaftshilfe-forstinning.de\/wordpress\/wp-content\/uploads\/NBH_Vaterstetten3-300x92.jpg\" alt=\"\" title=\"NBH_Vaterstetten3\" srcset=\"https:\/\/nachbarschaftshilfe-forstinning.de\/wp-content\/uploads\/NBH_Vaterstetten3-300x92.jpg 300w, https:\/\/nachbarschaftshilfe-forstinning.de\/wp-content\/uploads\/NBH_Vaterstetten3-768x236.jpg 768w, https:\/\/nachbarschaftshilfe-forstinning.de\/wp-content\/uploads\/NBH_Vaterstetten3.jpg 886w\" sizes=\"auto, (max-width: 300px) 100vw, 300px\" \/><\/a>\n<figcaption class=\"gb-headline gb-headline-47caa4b3 gb-headline-text\">Nachbarschaftshilfe Vaterstetten<\/figcaption>\n<\/figure>\n\n\n\n<p class=\"wp-block-paragraph\"><strong>Ansprechpartnerin<\/strong><br>Karin Kreder<br>Telefon: 08106 3684 80<br>Email: <a href=\"mailto:info@deine-nachbarschaftshilfe.de\">info@deine-nachbarschaftshilfe.de<\/a><\/p>\n\n\n\n<h2 class=\"wp-block-heading\">Haben Sie einen Pflegegrad?<\/h2>\n\n\n\n<p class=\"wp-block-paragraph\">Diese Dienstleistungen k\u00f6nnen dann auch direkt mit den Pflegekassen abgerechnet werden. Es handelt sich um einen monatlichen Betrag von 125 Euro, nach \u00a7 45b SGB XI zus\u00e4tzliche Betreuungs- und Entlastungsleistungen, die jedem zustehen, der einen Pflegegrad hat. Auch das kann die Nachbarschaftshilfe Vaterstetten Zorneding Grasbrunn \u00fcbernehmen.<\/p>\n\n<\/div>","protected":false},"excerpt":{"rendered":"<p>Unsere Unterst\u00fctzung ist unabh\u00e4ngig von einer Mitgliedschaft!Einzige Bedingung: Sie sind B\u00fcrger\/in unserer Gemeinde. Unsere Vermittlung Bitte wenden Sie sich im Bedarfsfall an eine unserer Einsatzleiterinnen: Einsatzleitung Telefon 0176 &#8211; 95 29 82 96 Elisabeth Schmidt (Vorstand) Telefon 08121 &#8211; 46 602 Die Einsatzleiterin vermittelt Ihnen eine\/n Helfer\/in, der\/die sich direkt mit Ihnen in Verbindung setzt &#8230; <a title=\"Hilfe finden\" class=\"read-more\" href=\"https:\/\/nachbarschaftshilfe-forstinning.de\/?page_id=111\" aria-label=\"Mehr Informationen \u00fcber Hilfe finden\">Weiterlesen &#8230;<\/a><\/p>\n","protected":false},"author":1,"featured_media":0,"parent":0,"menu_order":0,"comment_status":"closed","ping_status":"closed","template":"","meta":{"_crdt_document":"","footnotes":""},"class_list":["post-111","page","type-page","status-publish"],"_links":{"self":[{"href":"https:\/\/nachbarschaftshilfe-forstinning.de\/index.php?rest_route=\/wp\/v2\/pages\/111","targetHints":{"allow":["GET"]}}],"collection":[{"href":"https:\/\/nachbarschaftshilfe-forstinning.de\/index.php?rest_route=\/wp\/v2\/pages"}],"about":[{"href":"https:\/\/nachbarschaftshilfe-forstinning.de\/index.php?rest_route=\/wp\/v2\/types\/page"}],"author":[{"embeddable":true,"href":"https:\/\/nachbarschaftshilfe-forstinning.de\/index.php?rest_route=\/wp\/v2\/users\/1"}],"replies":[{"embeddable":true,"href":"https:\/\/nachbarschaftshilfe-forstinning.de\/index.php?rest_route=%2Fwp%2Fv2%2Fcomments&post=111"}],"version-history":[{"count":7,"href":"https:\/\/nachbarschaftshilfe-forstinning.de\/index.php?rest_route=\/wp\/v2\/pages\/111\/revisions"}],"predecessor-version":[{"id":320,"href":"https:\/\/nachbarschaftshilfe-forstinning.de\/index.php?rest_route=\/wp\/v2\/pages\/111\/revisions\/320"}],"wp:attachment":[{"href":"https:\/\/nachbarschaftshilfe-forstinning.de\/index.php?rest_route=%2Fwp%2Fv2%2Fmedia&parent=111"}],"curies":[{"name":"wp","href":"https:\/\/api.w.org\/{rel}","templated":true}]}}