{"id":105,"date":"2024-02-17T17:57:34","date_gmt":"2024-02-17T16:57:34","guid":{"rendered":"https:\/\/nachbarschaftshilfe-forstinning.de\/wordpress\/?page_id=105"},"modified":"2024-05-01T10:09:08","modified_gmt":"2024-05-01T08:09:08","slug":"satzung","status":"publish","type":"page","link":"https:\/\/nachbarschaftshilfe-forstinning.de\/?page_id=105","title":{"rendered":"Satzung"},"content":{"rendered":"\n<h3 class=\"wp-block-heading\">\u00a7 1 Name und Sitz<\/h3>\n\n\n\n<ol class=\"wp-block-list\" style=\"list-style-type:lower-alpha\">\n<li>Der Verein f\u00fchrt den Namen: &#8222;Nachbarschaftshilfe Forstinning&#8220;<\/li>\n\n\n\n<li>Er soll in das Vereinsregister des Amtsgerichts M\u00fcnchen eingetragen werden und f\u00fchrt danach den Zusatz &#8222;e.V.&#8220;<\/li>\n\n\n\n<li>Sitz des Vereins ist Forstinning<\/li>\n<\/ol>\n\n\n\n<h3 class=\"wp-block-heading\">\u00a7 2 Zweck<\/h3>\n\n\n\n<p class=\"wp-block-paragraph\">Zweck des Vereins ist die F\u00f6rderung der nachbarschaftlichen Hilfen f\u00fcr die Einwohner der Gemeinde Forstinning. Schwerpunkte seiner sozialen Arbeit setzt der Verein dort, wo Betreuung, Hilfen und Aufkl\u00e4rung ben\u00f6tigt werden. Das gilt im Besonderen f\u00fcr Familien, \u00c4ltere, Kranke und Alleinstehende und bei Notf\u00e4llen.<\/p>\n\n\n\n<p class=\"wp-block-paragraph\">Der Satzungszweck wird insbesondere durch Organisation und Durchf\u00fchrung von Kinderbetreuung, Seniorenbetreuung, kurzzeitiger Familienhilfe, Fahrdiensten und sonstige Hilfen verwirklicht. Dazu geh\u00f6ren auch Informationsveranstaltungen und die Schaffung von Begegnungsm\u00f6glichkeiten.<\/p>\n\n\n\n<p class=\"wp-block-paragraph\">Die Arbeit des Vereins ist offen f\u00fcr alle Hilfesuchenden der Gemeinde Forstinning ohne R\u00fccksicht auf Konfession, Rasse oder Weltanschauung. Auf Leistungen des Vereins besteht kein Anspruch.<\/p>\n\n\n\n<h3 class=\"wp-block-heading\">\u00a7 3 Gemeinn\u00fctzigkeit<\/h3>\n\n\n\n<p class=\"wp-block-paragraph\">Der Verein verfolgt ausschlie\u00dflich und unmittelbar gemeinn\u00fctzige Zwecke im Sinne des Abschnittes &#8222;Steuerbeg\u00fcnstigte Zwecke der Abgabenordnung&#8220;. Der Verein ist selbstlos t\u00e4tig. Er verfolgt nicht in erster Linie eigenwirtschaftliche Zwecke. Mittel des Vereins d\u00fcrfen nur f\u00fcr die satzungsgem\u00e4\u00dfen Zwecke verwendet werden. Die Mitglieder erhalten keine Zuwendungen aus Mitteln des Vereins. Es darf keine Person durch Ausgaben, die dem Zweck der K\u00f6rperschaft fremd sind oder durch unverh\u00e4ltnism\u00e4\u00dfig hohe Verg\u00fctungen beg\u00fcnstigt werden.<\/p>\n\n\n\n<h3 class=\"wp-block-heading\">\u00a7 4 Gesch\u00e4ftsjahr<\/h3>\n\n\n\n<p class=\"wp-block-paragraph\">Gesch\u00e4ftsjahr des Vereins ist das Kalenderjahr.<\/p>\n\n\n\n<h3 class=\"gb-headline gb-headline-c134edb7 gb-headline-text\">\u00a7 5 Mitgliedschaft<\/h3>\n\n\n\n<ol class=\"wp-block-list\" style=\"list-style-type:lower-alpha\">\n<li>Mitglied des Vereins kann jede nat\u00fcrliche Person und jede juristische Person des privaten oder \u00f6ffentlichen Rechtes werden. <\/li>\n\n\n\n<li>\u00dcber den schriftlichen Antrag entscheidet die Vorstandschaft. Die Mitgliedschaft wird durch Eintrag in die Mitgliederdatei erworben.<\/li>\n\n\n\n<li>Die Mitgliedschaft endet<br>1.) durch schriftliche Austrittserkl\u00e4rung zum Ende eines Kalenderjahres.<br>2.) durch Ausschluss aus dem Verein<br>3.) mit dem Tod eines Mitgliedes<\/li>\n\n\n\n<li>Ein Mitglied, das in erheblichem Ma\u00df gegen die Vereinsinteressen versto\u00dfen hat, kann durch Beschluss der Vorstandschaft aus dem Verein ausgeschlossen werden. Das ausgetretene oder ausgeschlossene Mitglied hat keinen Anspruch gegen\u00fcber dem Vereinsverm\u00f6gen.<\/li>\n<\/ol>\n\n\n\n<h3 class=\"wp-block-heading\">\u00a7 6 Organe<\/h3>\n\n\n\n<p class=\"wp-block-paragraph\">Die Organe des Vereins sind<\/p>\n\n\n\n<ol class=\"wp-block-list\" style=\"list-style-type:lower-alpha\">\n<li>der gesch\u00e4ftsf\u00fchrende Vorstand<\/li>\n\n\n\n<li>die erweiterte Vorstandschaft<\/li>\n\n\n\n<li>die Mitgliederversammlung<\/li>\n<\/ol>\n\n\n\n<h3 class=\"wp-block-heading\">\u00a7 7 Die Vorstandschaft<\/h3>\n\n\n\n<ol class=\"wp-block-list\" style=\"list-style-type:lower-alpha\">\n<li>Der gesch\u00e4ftsf\u00fchrende Vorstand des Vereins besteht aus der\/dem 1. Vorsitzenden und einer\/m gleichberechtigten Stellvertreterln, dem\/der Kassier\/In und einem Schriftf\u00fchrerln. Die erweiterte Vorstandschaft besteht aus dem gesch\u00e4ftsf\u00fchrenden Vorstand, den Beisitzern und den Revisoren. Der Verein wird gerichtlich und au\u00dfergerichtlich durch zwei gesch\u00e4ftsf\u00fchrende Vorstandsmitglieder vertreten.<\/li>\n\n\n\n<li>Die Vorstandschaft wird von der Mitgliederversammlung auf die Dauer von zwei Jahren gew\u00e4hlt. Sie bleibt solange im Amt, bis eine Neuwahl erfolgt. Scheidet ein Mitglied der Vorstandschaft w\u00e4hrend der Amtsperiode aus, w\u00e4hlt die Vorstandschaft ein Ersatzmitglied f\u00fcr den Rest der Amtsdauer des ausgeschiedenen Vorstandsmitgliedes.<\/li>\n\n\n\n<li>Die Inhaber von Vereins\u00e4mtern (Vorstandsmitglieder) \u00fcben ihre T\u00e4tigkeit grunds\u00e4tzlich ehrenamtlich und unentgeltlich aus.<\/li>\n\n\n\n<li>\u00dcbersteigen die anfallenden Arbeiten das zumutbare Ma\u00df einer ehrenamtlichen T\u00e4tigkeit, so kann ein hauptamtlicher Gesch\u00e4ftsf\u00fchrer und das hierf\u00fcr erforderliche Hilfspersonal eingestellt werden. F\u00fcr diese Gesch\u00e4fte d\u00fcrfen aber keine unverh\u00e4ltnism\u00e4\u00dfig hohen Verg\u00fctungen gew\u00e4hrt werden.<\/li>\n\n\n\n<li>Im \u00dcbrigen kann durch die Mitgliederversammlung mit einfachem Mehrheitsbeschluss eine Aufwandsentsch\u00e4digung f\u00fcr Vorstandsmitglieder im Rahmen der sog. Ehrenamtspauschale gem\u00e4\u00df \u00a7 3 Nr. 26 a Einkommensteuergesetz festgelegt werden.<\/li>\n\n\n\n<li>In den Vorstand k\u00f6nnen nur solche Mitglieder gew\u00e4hlt werden, die dem Verein seit mindestens einem Jahr angeh\u00f6ren.<\/li>\n<\/ol>\n\n\n\n<h3 class=\"wp-block-heading\">\u00a7 8 Die Mitgliederversammlung<\/h3>\n\n\n\n<ol class=\"wp-block-list\" style=\"list-style-type:lower-alpha\">\n<li>Die Mitgliederversammlung ist j\u00e4hrlich von der\/dem 1. Vorsitzenden unter Einhaltung einer Einladungsfrist von zwei Wochen durch pers\u00f6nliche Einladung mittels Brief einzuberufen. Dabei ist die von der Vorstandschaft festgesetzte Tagesordnung mitzuteilen.<\/li>\n\n\n\n<li>Die Mitgliederversammlung hat folgende Aufgaben: <br>1. Entgegennahme des Rechenschaftsberichtes der Vorstandschaft und dessen Entlastung.<br>2. Wahl der Vorstandschaft (zweij\u00e4hrige Wahlperiode).<br>3. Genehmigung des Haushaltsplanes f\u00fcr das kommende Gesch\u00e4ftsjahr<\/li>\n\n\n\n<li>Antr\u00e4ge sind der Vorstandschaft mindestens 1 Woche vorher schriftlich vorzulegen. <\/li>\n\n\n\n<li>Die Vorstandschaft hat unverz\u00fcglich eine Mitgliederversammlung einzuberufen, wenn das Vereinsinteresse es erfordert oder wenn mindestens 10% der Mitglieder die Einberufung schriftlich fordern.<\/li>\n\n\n\n<li>\u00dcber die Beschl\u00fcsse der Mitgliederversammlung ist ein Protokoll aufzunehmen, das von dem\/der Versammlungsleiterln und dem\/der Protokollf\u00fchrerln zu unterzeichnen ist.<\/li>\n\n\n\n<li>Die Mitgliederversammlung ist unabh\u00e4ngig von der Anzahl der anwesenden Mitglieder beschlussf\u00e4hig, es reicht die einfache Mehrheit.<\/li>\n\n\n\n<li>Die Mitgliederversammlung w\u00e4hlt alle zwei Jahre zwei Revisorlnnen, die j\u00e4hrlich die Kassengesch\u00e4fie pr\u00fcfen und der Mitgliederversammlung Bericht erstatten.<\/li>\n<\/ol>\n\n\n\n<h3 class=\"wp-block-heading\">\u00a7 9 Mitgliedsbeitr\u00e4ge<\/h3>\n\n\n\n<p class=\"wp-block-paragraph\">Die Mitgliedsbeitr\u00e4ge sind Jahresbeitr\u00e4ge, die bei Eintritt und ab dem Folgejahr jeweils im Januar eines Jahres im Voraus f\u00e4llig sind. \u00dcber die H\u00f6he des Mitgliedsbeitrages entscheidet die Vorstandschaft.<\/p>\n\n\n\n<p class=\"wp-block-paragraph\">Ehrenmitglieder sind von der Beitragspflicht befreit.<\/p>\n\n\n\n<h3 class=\"wp-block-heading\">\u00a7 10 Aufl\u00f6sung des Vereins und Anfall des Vereinsverm\u00f6gens<\/h3>\n\n\n\n<p class=\"wp-block-paragraph\">Bei Aufl\u00f6sung des Vereins oder Wegfall steuerbeg\u00fcnstigter Zwecke f\u00e4llt das Verm\u00f6gen des Vereins an die Gemeinde Forstinning, die es unmittelbar und ausschlie\u00dflich f\u00fcr gemeinn\u00fctzige Zwecke (Jugendpflege und F\u00fcrsorge) zu verwenden hat.<\/p>\n\n\n\n<h3 class=\"wp-block-heading\">\u00a7 11 Errichtung der Satzung<\/h3>\n\n\n\n<p class=\"wp-block-paragraph\">Die vorstehende Satzung wurde am 20.05.2010 in Forstinning, im Pfarrheim von der Gr\u00fcnderversammlung beschlossen.<\/p>\n\n\n\n<p class=\"wp-block-paragraph\">Hierf\u00fcr zeichnen als Gr\u00fcndungsmitglieder und erkl\u00e4ren gleichzeitig den Eintritt in den Verein.<\/p>\n","protected":false},"excerpt":{"rendered":"<p>\u00a7 1 Name und Sitz \u00a7 2 Zweck Zweck des Vereins ist die F\u00f6rderung der nachbarschaftlichen Hilfen f\u00fcr die Einwohner der Gemeinde Forstinning. Schwerpunkte seiner sozialen Arbeit setzt der Verein dort, wo Betreuung, Hilfen und Aufkl\u00e4rung ben\u00f6tigt werden. Das gilt im Besonderen f\u00fcr Familien, \u00c4ltere, Kranke und Alleinstehende und bei Notf\u00e4llen. Der Satzungszweck wird insbesondere &#8230; <a title=\"Satzung\" class=\"read-more\" href=\"https:\/\/nachbarschaftshilfe-forstinning.de\/?page_id=105\" aria-label=\"Mehr Informationen \u00fcber Satzung\">Weiterlesen &#8230;<\/a><\/p>\n","protected":false},"author":1,"featured_media":0,"parent":0,"menu_order":0,"comment_status":"closed","ping_status":"closed","template":"","meta":{"_crdt_document":"","footnotes":""},"class_list":["post-105","page","type-page","status-publish"],"_links":{"self":[{"href":"https:\/\/nachbarschaftshilfe-forstinning.de\/index.php?rest_route=\/wp\/v2\/pages\/105","targetHints":{"allow":["GET"]}}],"collection":[{"href":"https:\/\/nachbarschaftshilfe-forstinning.de\/index.php?rest_route=\/wp\/v2\/pages"}],"about":[{"href":"https:\/\/nachbarschaftshilfe-forstinning.de\/index.php?rest_route=\/wp\/v2\/types\/page"}],"author":[{"embeddable":true,"href":"https:\/\/nachbarschaftshilfe-forstinning.de\/index.php?rest_route=\/wp\/v2\/users\/1"}],"replies":[{"embeddable":true,"href":"https:\/\/nachbarschaftshilfe-forstinning.de\/index.php?rest_route=%2Fwp%2Fv2%2Fcomments&post=105"}],"version-history":[{"count":4,"href":"https:\/\/nachbarschaftshilfe-forstinning.de\/index.php?rest_route=\/wp\/v2\/pages\/105\/revisions"}],"predecessor-version":[{"id":420,"href":"https:\/\/nachbarschaftshilfe-forstinning.de\/index.php?rest_route=\/wp\/v2\/pages\/105\/revisions\/420"}],"wp:attachment":[{"href":"https:\/\/nachbarschaftshilfe-forstinning.de\/index.php?rest_route=%2Fwp%2Fv2%2Fmedia&parent=105"}],"curies":[{"name":"wp","href":"https:\/\/api.w.org\/{rel}","templated":true}]}}